{"id":987805,"date":"2026-03-31T14:54:15","date_gmt":"2026-03-31T19:54:15","guid":{"rendered":"https:\/\/cgestiona.com\/?page_id=987805"},"modified":"2026-04-04T10:37:13","modified_gmt":"2026-04-04T15:37:13","slug":"panel-de-usuario","status":"publish","type":"page","link":"https:\/\/cgestiona.com\/en\/panel-de-usuario\/","title":{"rendered":"Panel de usuario"},"content":{"rendered":"<div data-elementor-type=\"wp-page\" data-elementor-id=\"987805\" class=\"elementor elementor-987805\" data-elementor-post-type=\"page\">\n\t\t\t\t<div class=\"elementor-element elementor-element-307c6f7a e-con-full e-flex e-con e-parent\" data-id=\"307c6f7a\" data-element_type=\"container\" data-e-type=\"container\" data-settings=\"{&quot;background_background&quot;:&quot;classic&quot;}\">\n\t\t<div class=\"elementor-element elementor-element-b90e5ae e-con-full e-flex e-con e-child\" data-id=\"b90e5ae\" data-element_type=\"container\" data-e-type=\"container\">\n\t\t<div class=\"elementor-element elementor-element-397d120a e-con-full e-flex e-con e-child\" data-id=\"397d120a\" data-element_type=\"container\" data-e-type=\"container\" data-settings=\"{&quot;background_background&quot;:&quot;classic&quot;}\">\n\t\t\t\t<div class=\"elementor-element elementor-element-18512f0 elementor-widget elementor-widget-theme-site-logo elementor-widget-image\" data-id=\"18512f0\" data-element_type=\"widget\" data-e-type=\"widget\" data-widget_type=\"theme-site-logo.default\">\n\t\t\t\t<div class=\"elementor-widget-container\">\n\t\t\t\t\t\t\t\t\t\t\t<a href=\"https:\/\/cgestiona.com\/en\">\n\t\t\t<img decoding=\"async\" width=\"91\" height=\"20\" src=\"https:\/\/cgestiona.com\/wp-content\/uploads\/2025\/03\/Logo.svg\" class=\"attachment-full size-full wp-image-45\" alt=\"\" \/>\t\t\t\t<\/a>\n\t\t\t\t\t\t\t\t\t\t\t<\/div>\n\t\t\t\t<\/div>\n\t\t\t\t<div class=\"elementor-element elementor-element-57841783 elementor-icon-list--layout-traditional elementor-list-item-link-full_width elementor-widget elementor-widget-icon-list\" data-id=\"57841783\" data-element_type=\"widget\" data-e-type=\"widget\" data-widget_type=\"icon-list.default\">\n\t\t\t\t<div class=\"elementor-widget-container\">\n\t\t\t\t\t\t\t<ul class=\"elementor-icon-list-items\">\n\t\t\t\t\t\t\t<li class=\"elementor-icon-list-item\">\n\t\t\t\t\t\t\t\t\t\t\t<a href=\"\/en\/mi-perfil\/\">\n\n\t\t\t\t\t\t\t\t\t\t\t\t<span class=\"elementor-icon-list-icon\">\n\t\t\t\t\t\t\t<i aria-hidden=\"true\" class=\"fas fa-circle\"><\/i>\t\t\t\t\t\t<\/span>\n\t\t\t\t\t\t\t\t\t\t<span class=\"elementor-icon-list-text\">Mi perfil<\/span>\n\t\t\t\t\t\t\t\t\t\t\t<\/a>\n\t\t\t\t\t\t\t\t\t<\/li>\n\t\t\t\t\t\t\t\t<li class=\"elementor-icon-list-item\">\n\t\t\t\t\t\t\t\t\t\t\t<a href=\"\/en\/mis-archivos\/\">\n\n\t\t\t\t\t\t\t\t\t\t\t\t<span class=\"elementor-icon-list-icon\">\n\t\t\t\t\t\t\t<i aria-hidden=\"true\" class=\"fas fa-circle\"><\/i>\t\t\t\t\t\t<\/span>\n\t\t\t\t\t\t\t\t\t\t<span class=\"elementor-icon-list-text\">Mis archivos<\/span>\n\t\t\t\t\t\t\t\t\t\t\t<\/a>\n\t\t\t\t\t\t\t\t\t<\/li>\n\t\t\t\t\t\t\t\t<li class=\"elementor-icon-list-item\">\n\t\t\t\t\t\t\t\t\t\t\t<a href=\"https:\/\/wa.me\/51999999999\">\n\n\t\t\t\t\t\t\t\t\t\t\t\t<span class=\"elementor-icon-list-icon\">\n\t\t\t\t\t\t\t<i aria-hidden=\"true\" class=\"fas fa-circle\"><\/i>\t\t\t\t\t\t<\/span>\n\t\t\t\t\t\t\t\t\t\t<span class=\"elementor-icon-list-text\">Soporte t\u00e9cnico<\/span>\n\t\t\t\t\t\t\t\t\t\t\t<\/a>\n\t\t\t\t\t\t\t\t\t<\/li>\n\t\t\t\t\t\t\t\t<li class=\"elementor-icon-list-item\">\n\t\t\t\t\t\t\t\t\t\t\t<a href=\"http:\/\/https:\/\/cgestiona.com\/wp-login.php?action=logout&amp;redirect_to=https%3A%2F%2Fcgestiona.com%2Fen&amp;_wpnonce=8277c4ce41\">\n\n\t\t\t\t\t\t\t\t\t\t\t\t<span class=\"elementor-icon-list-icon\">\n\t\t\t\t\t\t\t<i aria-hidden=\"true\" class=\"fas fa-circle\"><\/i>\t\t\t\t\t\t<\/span>\n\t\t\t\t\t\t\t\t\t\t<span class=\"elementor-icon-list-text\">Cerrar sesi\u00f3n<\/span>\n\t\t\t\t\t\t\t\t\t\t\t<\/a>\n\t\t\t\t\t\t\t\t\t<\/li>\n\t\t\t\t\t\t<\/ul>\n\t\t\t\t\t\t<\/div>\n\t\t\t\t<\/div>\n\t\t\t\t<\/div>\n\t\t<div class=\"elementor-element elementor-element-d6debd3 e-con-full e-flex e-con e-child\" data-id=\"d6debd3\" data-element_type=\"container\" data-e-type=\"container\" data-settings=\"{&quot;background_background&quot;:&quot;classic&quot;}\">\n\t\t<div class=\"elementor-element elementor-element-34382434 e-con-full e-flex e-con e-child\" data-id=\"34382434\" data-element_type=\"container\" data-e-type=\"container\">\n\t\t<div class=\"elementor-element elementor-element-7c08afe4 e-con-full e-flex e-con e-child\" data-id=\"7c08afe4\" data-element_type=\"container\" data-e-type=\"container\" data-settings=\"{&quot;background_background&quot;:&quot;classic&quot;}\">\n\t\t<div class=\"elementor-element elementor-element-1a36a961 e-con-full e-flex e-con e-child\" data-id=\"1a36a961\" data-element_type=\"container\" data-e-type=\"container\">\n\t\t\t\t<div class=\"elementor-element elementor-element-7c506ccd elementor-widget elementor-widget-heading\" data-id=\"7c506ccd\" data-element_type=\"widget\" data-e-type=\"widget\" data-widget_type=\"heading.default\">\n\t\t\t\t<div class=\"elementor-widget-container\">\n\t\t\t\t\t<h2 class=\"elementor-heading-title elementor-size-default\">Bienvenido a tu Portal<\/h2>\t\t\t\t<\/div>\n\t\t\t\t<\/div>\n\t\t\t\t<div class=\"vamtam-has-theme-widget-styles elementor-element elementor-element-62c44df0 elementor-widget elementor-widget-text-editor\" data-id=\"62c44df0\" data-element_type=\"widget\" data-e-type=\"widget\" data-widget_type=\"text-editor.default\">\n\t\t\t\t<div class=\"elementor-widget-container\">\n\t\t\t\t\t\t\t\t\t<p>Su espacio privado para reportes contables, tributarios y laborales.<\/p>\t\t\t\t\t\t\t\t<\/div>\n\t\t\t\t<\/div>\n\t\t\t\t<\/div>\n\t\t\t\t<\/div>\n\t\t<div class=\"elementor-element elementor-element-77e9d7c9 e-con-full e-flex e-con e-child\" data-id=\"77e9d7c9\" data-element_type=\"container\" data-e-type=\"container\">\n\t\t<div class=\"elementor-element elementor-element-620d60df e-con-full e-flex e-con e-child\" data-id=\"620d60df\" data-element_type=\"container\" data-e-type=\"container\" data-settings=\"{&quot;background_background&quot;:&quot;classic&quot;}\">\n\t\t\t\t<div class=\"elementor-element elementor-element-bcb8158 elementor-widget elementor-widget-heading\" data-id=\"bcb8158\" data-element_type=\"widget\" data-e-type=\"widget\" data-widget_type=\"heading.default\">\n\t\t\t\t<div class=\"elementor-widget-container\">\n\t\t\t\t\t<h2 class=\"elementor-heading-title elementor-size-default\">Archivos recientes<\/h2>\t\t\t\t<\/div>\n\t\t\t\t<\/div>\n\t\t\t\t<div class=\"elementor-element elementor-element-7b2447f4 elementor-widget elementor-widget-shortcode\" data-id=\"7b2447f4\" data-element_type=\"widget\" data-e-type=\"widget\" data-widget_type=\"shortcode.default\">\n\t\t\t\t<div class=\"elementor-widget-container\">\n\t\t\t\t\t\t\t<div class=\"elementor-shortcode\"><p>Debes iniciar sesi\u00f3n.<\/p><\/div>\n\t\t\t\t\t\t<\/div>\n\t\t\t\t<\/div>\n\t\t\t\t<div class=\"vamtam-has-theme-widget-styles elementor-element elementor-element-4c2eb5de vamtam-icon-pos-row-reverse elementor-widget elementor-widget-button\" data-id=\"4c2eb5de\" data-element_type=\"widget\" data-e-type=\"widget\" data-widget_type=\"button.default\">\n\t\t\t\t<div class=\"elementor-widget-container\">\n\t\t\t\t\t\t\t\t\t<div class=\"elementor-button-wrapper\">\n\t\t\t\t\t<a class=\"elementor-button elementor-button-link elementor-size-sm\" href=\"\/en\/mis-archivos\/\">\n\t\t\t\t\t\t<span class=\"elementor-button-content-wrapper\">\n\t\t\t\t\t\t<span class=\"elementor-button-icon\">\n\t\t\t\t<i aria-hidden=\"true\" class=\"fas fa-arrow-right\"><\/i>\t\t\t<\/span>\n\t\t\t\t\t\t\t\t\t<span class=\"elementor-button-text\">Ver todos mis archivos<\/span>\n\t\t\t\t\t<\/span>\n\t\t\t\t\t<\/a>\n\t\t\t\t<\/div>\n\t\t\t\t\t\t\t\t<\/div>\n\t\t\t\t<\/div>\n\t\t\t\t<\/div>\n\t\t<div class=\"elementor-element elementor-element-32fe476d e-con-full e-flex e-con e-child\" data-id=\"32fe476d\" data-element_type=\"container\" data-e-type=\"container\" data-settings=\"{&quot;background_background&quot;:&quot;classic&quot;}\">\n\t\t\t\t<div class=\"elementor-element elementor-element-7af6eae4 elementor-widget elementor-widget-heading\" data-id=\"7af6eae4\" data-element_type=\"widget\" data-e-type=\"widget\" data-widget_type=\"heading.default\">\n\t\t\t\t<div class=\"elementor-widget-container\">\n\t\t\t\t\t<h2 class=\"elementor-heading-title elementor-size-default\">P\u00e1ginas importantes<\/h2>\t\t\t\t<\/div>\n\t\t\t\t<\/div>\n\t\t\t\t<div class=\"elementor-element elementor-element-66c0f9a2 elementor-widget elementor-widget-shortcode\" data-id=\"66c0f9a2\" data-element_type=\"widget\" data-e-type=\"widget\" data-widget_type=\"shortcode.default\">\n\t\t\t\t<div class=\"elementor-widget-container\">\n\t\t\t\t\t\t\t<div class=\"elementor-shortcode\"><\/div>\n\t\t\t\t\t\t<\/div>\n\t\t\t\t<\/div>\n\t\t\t\t<\/div>\n\t\t<div class=\"elementor-element elementor-element-20da7d23 e-con-full e-flex e-con e-child\" data-id=\"20da7d23\" data-element_type=\"container\" data-e-type=\"container\" data-settings=\"{&quot;background_background&quot;:&quot;classic&quot;}\">\n\t\t\t\t<div class=\"elementor-element elementor-element-5d55b936 elementor-widget elementor-widget-heading\" data-id=\"5d55b936\" data-element_type=\"widget\" data-e-type=\"widget\" data-widget_type=\"heading.default\">\n\t\t\t\t<div class=\"elementor-widget-container\">\n\t\t\t\t\t<h2 class=\"elementor-heading-title elementor-size-default\">Soporte r\u00e1pido<\/h2>\t\t\t\t<\/div>\n\t\t\t\t<\/div>\n\t\t\t\t<div class=\"elementor-element elementor-element-a07c4e0 elementor-position-top elementor-widget elementor-widget-image-box\" data-id=\"a07c4e0\" data-element_type=\"widget\" data-e-type=\"widget\" data-widget_type=\"image-box.default\">\n\t\t\t\t<div class=\"elementor-widget-container\">\n\t\t\t\t\t<div class=\"elementor-image-box-wrapper\"><figure class=\"elementor-image-box-img\"><img fetchpriority=\"high\" decoding=\"async\" width=\"816\" height=\"951\" src=\"https:\/\/cgestiona.com\/wp-content\/uploads\/2026\/04\/img-1@2x1.png\" class=\"attachment-full size-full wp-image-987997\" alt=\"\" srcset=\"https:\/\/cgestiona.com\/wp-content\/uploads\/2026\/04\/img-1@2x1.png 816w, https:\/\/cgestiona.com\/wp-content\/uploads\/2026\/04\/img-1@2x1-257x300.png 257w, https:\/\/cgestiona.com\/wp-content\/uploads\/2026\/04\/img-1@2x1-768x895.png 768w, https:\/\/cgestiona.com\/wp-content\/uploads\/2026\/04\/img-1@2x1-10x12.png 10w\" sizes=\"(max-width: 816px) 100vw, 816px\" \/><\/figure><div class=\"elementor-image-box-content\"><h3 class=\"elementor-image-box-title\">Carlos P\u00e9rez<\/h3><p class=\"elementor-image-box-description\">Asesor Contable<\/p><\/div><\/div>\t\t\t\t<\/div>\n\t\t\t\t<\/div>\n\t\t\t\t<div class=\"vamtam-has-theme-widget-styles elementor-element elementor-element-5b1cadd8 elementor-align-justify vamtam-content-align-center elementor-widget elementor-widget-button\" data-id=\"5b1cadd8\" data-element_type=\"widget\" data-e-type=\"widget\" data-widget_type=\"button.default\">\n\t\t\t\t<div class=\"elementor-widget-container\">\n\t\t\t\t\t\t\t\t\t<div class=\"elementor-button-wrapper\">\n\t\t\t\t\t<a class=\"elementor-button elementor-button-link elementor-size-sm\" href=\"https:\/\/wa.me\/51999999999\">\n\t\t\t\t\t\t<span class=\"elementor-button-content-wrapper\">\n\t\t\t\t\t\t\t\t\t<span class=\"elementor-button-text\">Hablemos por WhatsApp<\/span>\n\t\t\t\t\t<\/span>\n\t\t\t\t\t<\/a>\n\t\t\t\t<\/div>\n\t\t\t\t\t\t\t\t<\/div>\n\t\t\t\t<\/div>\n\t\t\t\t<\/div>\n\t\t\t\t<\/div>\n\t\t\t\t<\/div>\n\t\t\t\t<\/div>\n\t\t\t\t<\/div>\n\t\t\t\t<\/div>\n\t\t\t\t<\/div>","protected":false},"excerpt":{"rendered":"<p>Mi perfil Mis archivos Soporte t\u00e9cnico Cerrar sesi\u00f3n Bienvenido a tu Portal Su espacio privado para reportes contables, tributarios y laborales. Archivos recientes Ver todos mis archivos P\u00e1ginas importantes Soporte r\u00e1pido Carlos P\u00e9rez Asesor Contable Hablemos por WhatsApp<\/p>","protected":false},"author":2,"featured_media":0,"parent":0,"menu_order":0,"comment_status":"closed","ping_status":"closed","template":"elementor_header_footer","meta":{"footnotes":""},"class_list":["post-987805","page","type-page","status-publish","hentry"],"yoast_head":"<!-- This site is optimized with the Yoast SEO plugin v27.4 - https:\/\/yoast.com\/product\/yoast-seo-wordpress\/ -->\n<title>Panel de usuario - Execor<\/title>\n<meta name=\"robots\" content=\"index, follow, max-snippet:-1, max-image-preview:large, max-video-preview:-1\" \/>\n<link rel=\"canonical\" href=\"https:\/\/cgestiona.com\/en\/panel-de-usuario\/\" \/>\n<meta property=\"og:locale\" content=\"en_US\" \/>\n<meta property=\"og:type\" content=\"article\" \/>\n<meta property=\"og:title\" content=\"Panel de usuario - Execor\" \/>\n<meta property=\"og:description\" content=\"Mi perfil Mis archivos Soporte t\u00e9cnico Cerrar sesi\u00f3n Bienvenido a tu Portal Su espacio privado para reportes contables, tributarios y laborales. Archivos recientes Ver todos mis archivos P\u00e1ginas importantes Soporte r\u00e1pido Carlos P\u00e9rez Asesor Contable Hablemos por WhatsApp\" \/>\n<meta property=\"og:url\" content=\"https:\/\/cgestiona.com\/en\/panel-de-usuario\/\" \/>\n<meta property=\"og:site_name\" content=\"Execor\" \/>\n<meta property=\"article:modified_time\" content=\"2026-04-04T15:37:13+00:00\" \/>\n<meta property=\"og:image\" content=\"https:\/\/cgestiona.com\/wp-content\/uploads\/2026\/04\/img-1@2x1.png\" \/>\n\t<meta property=\"og:image:width\" content=\"816\" \/>\n\t<meta property=\"og:image:height\" content=\"951\" \/>\n\t<meta property=\"og:image:type\" content=\"image\/png\" \/>\n<meta name=\"twitter:card\" content=\"summary_large_image\" \/>\n<meta name=\"twitter:label1\" content=\"Est. reading time\" \/>\n\t<meta name=\"twitter:data1\" content=\"1 minute\" \/>\n<script type=\"application\/ld+json\" class=\"yoast-schema-graph\">{\"@context\":\"https:\\\/\\\/schema.org\",\"@graph\":[{\"@type\":\"WebPage\",\"@id\":\"https:\\\/\\\/cgestiona.com\\\/panel-de-usuario\\\/\",\"url\":\"https:\\\/\\\/cgestiona.com\\\/panel-de-usuario\\\/\",\"name\":\"Panel de usuario - Execor\",\"isPartOf\":{\"@id\":\"https:\\\/\\\/cgestiona.com\\\/#website\"},\"primaryImageOfPage\":{\"@id\":\"https:\\\/\\\/cgestiona.com\\\/panel-de-usuario\\\/#primaryimage\"},\"image\":{\"@id\":\"https:\\\/\\\/cgestiona.com\\\/panel-de-usuario\\\/#primaryimage\"},\"thumbnailUrl\":\"https:\\\/\\\/cgestiona.com\\\/wp-content\\\/uploads\\\/2026\\\/04\\\/img-1@2x1.png\",\"datePublished\":\"2026-03-31T19:54:15+00:00\",\"dateModified\":\"2026-04-04T15:37:13+00:00\",\"breadcrumb\":{\"@id\":\"https:\\\/\\\/cgestiona.com\\\/panel-de-usuario\\\/#breadcrumb\"},\"inLanguage\":\"en-US\",\"potentialAction\":[{\"@type\":\"ReadAction\",\"target\":[\"https:\\\/\\\/cgestiona.com\\\/panel-de-usuario\\\/\"]}]},{\"@type\":\"ImageObject\",\"inLanguage\":\"en-US\",\"@id\":\"https:\\\/\\\/cgestiona.com\\\/panel-de-usuario\\\/#primaryimage\",\"url\":\"https:\\\/\\\/cgestiona.com\\\/wp-content\\\/uploads\\\/2026\\\/04\\\/img-1@2x1.png\",\"contentUrl\":\"https:\\\/\\\/cgestiona.com\\\/wp-content\\\/uploads\\\/2026\\\/04\\\/img-1@2x1.png\"},{\"@type\":\"BreadcrumbList\",\"@id\":\"https:\\\/\\\/cgestiona.com\\\/panel-de-usuario\\\/#breadcrumb\",\"itemListElement\":[{\"@type\":\"ListItem\",\"position\":1,\"name\":\"Portada\",\"item\":\"https:\\\/\\\/cgestiona.com\\\/\"},{\"@type\":\"ListItem\",\"position\":2,\"name\":\"Panel de usuario\"}]},{\"@type\":\"WebSite\",\"@id\":\"https:\\\/\\\/cgestiona.com\\\/#website\",\"url\":\"https:\\\/\\\/cgestiona.com\\\/\",\"name\":\"Execor\",\"description\":\"Execor \u2013 Accounting and Consulting  Wordpress Theme\",\"publisher\":{\"@id\":\"https:\\\/\\\/cgestiona.com\\\/#organization\"},\"potentialAction\":[{\"@type\":\"SearchAction\",\"target\":{\"@type\":\"EntryPoint\",\"urlTemplate\":\"https:\\\/\\\/cgestiona.com\\\/?s={search_term_string}\"},\"query-input\":{\"@type\":\"PropertyValueSpecification\",\"valueRequired\":true,\"valueName\":\"search_term_string\"}}],\"inLanguage\":\"en-US\"},{\"@type\":\"Organization\",\"@id\":\"https:\\\/\\\/cgestiona.com\\\/#organization\",\"name\":\"Execor\",\"url\":\"https:\\\/\\\/cgestiona.com\\\/\",\"logo\":{\"@type\":\"ImageObject\",\"inLanguage\":\"en-US\",\"@id\":\"https:\\\/\\\/cgestiona.com\\\/#\\\/schema\\\/logo\\\/image\\\/\",\"url\":\"https:\\\/\\\/cgestiona.com\\\/wp-content\\\/uploads\\\/2025\\\/03\\\/Logo.svg\",\"contentUrl\":\"https:\\\/\\\/cgestiona.com\\\/wp-content\\\/uploads\\\/2025\\\/03\\\/Logo.svg\",\"width\":91,\"height\":20,\"caption\":\"Execor\"},\"image\":{\"@id\":\"https:\\\/\\\/cgestiona.com\\\/#\\\/schema\\\/logo\\\/image\\\/\"}}]}<\/script>\n<!-- \/ Yoast SEO plugin. -->","yoast_head_json":{"title":"Panel de usuario - Execor","robots":{"index":"index","follow":"follow","max-snippet":"max-snippet:-1","max-image-preview":"max-image-preview:large","max-video-preview":"max-video-preview:-1"},"canonical":"https:\/\/cgestiona.com\/en\/panel-de-usuario\/","og_locale":"en_US","og_type":"article","og_title":"Panel de usuario - Execor","og_description":"Mi perfil Mis archivos Soporte t\u00e9cnico Cerrar sesi\u00f3n Bienvenido a tu Portal Su espacio privado para reportes contables, tributarios y laborales. Archivos recientes Ver todos mis archivos P\u00e1ginas importantes Soporte r\u00e1pido Carlos P\u00e9rez Asesor Contable Hablemos por WhatsApp","og_url":"https:\/\/cgestiona.com\/en\/panel-de-usuario\/","og_site_name":"Execor","article_modified_time":"2026-04-04T15:37:13+00:00","og_image":[{"width":816,"height":951,"url":"https:\/\/cgestiona.com\/wp-content\/uploads\/2026\/04\/img-1@2x1.png","type":"image\/png"}],"twitter_card":"summary_large_image","twitter_misc":{"Est. reading time":"1 minute"},"schema":{"@context":"https:\/\/schema.org","@graph":[{"@type":"WebPage","@id":"https:\/\/cgestiona.com\/panel-de-usuario\/","url":"https:\/\/cgestiona.com\/panel-de-usuario\/","name":"Panel de usuario - Execor","isPartOf":{"@id":"https:\/\/cgestiona.com\/#website"},"primaryImageOfPage":{"@id":"https:\/\/cgestiona.com\/panel-de-usuario\/#primaryimage"},"image":{"@id":"https:\/\/cgestiona.com\/panel-de-usuario\/#primaryimage"},"thumbnailUrl":"https:\/\/cgestiona.com\/wp-content\/uploads\/2026\/04\/img-1@2x1.png","datePublished":"2026-03-31T19:54:15+00:00","dateModified":"2026-04-04T15:37:13+00:00","breadcrumb":{"@id":"https:\/\/cgestiona.com\/panel-de-usuario\/#breadcrumb"},"inLanguage":"en-US","potentialAction":[{"@type":"ReadAction","target":["https:\/\/cgestiona.com\/panel-de-usuario\/"]}]},{"@type":"ImageObject","inLanguage":"en-US","@id":"https:\/\/cgestiona.com\/panel-de-usuario\/#primaryimage","url":"https:\/\/cgestiona.com\/wp-content\/uploads\/2026\/04\/img-1@2x1.png","contentUrl":"https:\/\/cgestiona.com\/wp-content\/uploads\/2026\/04\/img-1@2x1.png"},{"@type":"BreadcrumbList","@id":"https:\/\/cgestiona.com\/panel-de-usuario\/#breadcrumb","itemListElement":[{"@type":"ListItem","position":1,"name":"Portada","item":"https:\/\/cgestiona.com\/"},{"@type":"ListItem","position":2,"name":"Panel de usuario"}]},{"@type":"WebSite","@id":"https:\/\/cgestiona.com\/#website","url":"https:\/\/cgestiona.com\/","name":"Execor","description":"Execor \u2013 Accounting and Consulting  Wordpress Theme","publisher":{"@id":"https:\/\/cgestiona.com\/#organization"},"potentialAction":[{"@type":"SearchAction","target":{"@type":"EntryPoint","urlTemplate":"https:\/\/cgestiona.com\/?s={search_term_string}"},"query-input":{"@type":"PropertyValueSpecification","valueRequired":true,"valueName":"search_term_string"}}],"inLanguage":"en-US"},{"@type":"Organization","@id":"https:\/\/cgestiona.com\/#organization","name":"Execor","url":"https:\/\/cgestiona.com\/","logo":{"@type":"ImageObject","inLanguage":"en-US","@id":"https:\/\/cgestiona.com\/#\/schema\/logo\/image\/","url":"https:\/\/cgestiona.com\/wp-content\/uploads\/2025\/03\/Logo.svg","contentUrl":"https:\/\/cgestiona.com\/wp-content\/uploads\/2025\/03\/Logo.svg","width":91,"height":20,"caption":"Execor"},"image":{"@id":"https:\/\/cgestiona.com\/#\/schema\/logo\/image\/"}}]}},"_links":{"self":[{"href":"https:\/\/cgestiona.com\/en\/wp-json\/wp\/v2\/pages\/987805","targetHints":{"allow":["GET"]}}],"collection":[{"href":"https:\/\/cgestiona.com\/en\/wp-json\/wp\/v2\/pages"}],"about":[{"href":"https:\/\/cgestiona.com\/en\/wp-json\/wp\/v2\/types\/page"}],"author":[{"embeddable":true,"href":"https:\/\/cgestiona.com\/en\/wp-json\/wp\/v2\/users\/2"}],"replies":[{"embeddable":true,"href":"https:\/\/cgestiona.com\/en\/wp-json\/wp\/v2\/comments?post=987805"}],"version-history":[{"count":29,"href":"https:\/\/cgestiona.com\/en\/wp-json\/wp\/v2\/pages\/987805\/revisions"}],"predecessor-version":[{"id":988002,"href":"https:\/\/cgestiona.com\/en\/wp-json\/wp\/v2\/pages\/987805\/revisions\/988002"}],"wp:attachment":[{"href":"https:\/\/cgestiona.com\/en\/wp-json\/wp\/v2\/media?parent=987805"}],"curies":[{"name":"wp","href":"https:\/\/api.w.org\/{rel}","templated":true}]}}